{"id":10,"date":"2023-12-15T15:55:30","date_gmt":"2023-12-15T14:55:30","guid":{"rendered":"http:\/\/wlradio.fr\/?page_id=10"},"modified":"2024-08-18T10:14:55","modified_gmt":"2024-08-18T08:14:55","slug":"player-wlradio","status":"publish","type":"page","link":"https:\/\/wlradio.fr\/","title":{"rendered":"WL Radio"},"content":{"rendered":"\n<p>D\u00e9sol\u00e9, on a pris du retard !<\/p>\n\n\n\n<p>Votre radio  de proximit\u00e9 est en cours de conception.<\/p>\n\n\n\n<p>Ouverture officielle en automne 2024 (on y travaille tout ce \u00e9t\u00e9&#8230;)<\/p>\n\n\n\n<div class=\"wp-block-group\" style=\"padding-right:0;padding-left:0\"><div class=\"wp-block-group__inner-container is-layout-constrained wp-container-core-group-is-layout-a7c31ef8 wp-block-group-is-layout-constrained\">\n<div class=\"wp-block-columns is-layout-flex wp-container-core-columns-is-layout-9d6595d7 wp-block-columns-is-layout-flex\">\n<div class=\"wp-block-column is-layout-flow wp-block-column-is-layout-flow\" style=\"flex-basis:20%\">\n<figure class=\"wp-block-image size-full is-resized\"><img loading=\"lazy\" decoding=\"async\" width=\"400\" height=\"400\" src=\"http:\/\/wlradio.fr\/wp-content\/uploads\/2024\/08\/Logo-WL-400-x-400-px.jpg\" alt=\"\" class=\"wp-image-104\" style=\"width:197px;height:auto\" srcset=\"https:\/\/wlradio.fr\/wp-content\/uploads\/2024\/08\/Logo-WL-400-x-400-px.jpg 400w, https:\/\/wlradio.fr\/wp-content\/uploads\/2024\/08\/Logo-WL-400-x-400-px-300x300.jpg 300w, https:\/\/wlradio.fr\/wp-content\/uploads\/2024\/08\/Logo-WL-400-x-400-px-150x150.jpg 150w\" sizes=\"auto, (max-width: 400px) 100vw, 400px\" \/><\/figure>\n<\/div>\n\n\n\n<div class=\"wp-block-column is-layout-flow wp-block-column-is-layout-flow\"><\/div>\n\n\n\n<div class=\"wp-block-column is-layout-flow wp-block-column-is-layout-flow\"><\/div>\n\n\n\n<div class=\"wp-block-column is-layout-flow wp-block-column-is-layout-flow\" style=\"flex-basis:80%\">\n<iframe loading=\"lazy\" width=\"100%\" height=\"330\" src=\"https:\/\/rcast.pro-fhi.net\/AudioPlayer\/wlradio?mount=&#038;\" border=\"0\" style=\"border: 0;\"><\/iframe>\n\n\n\n<p><\/p>\n<\/div>\n<\/div>\n<\/div><\/div>\n\n\n\n<p class=\"has-small-font-size\">Vous venez d&#8217;\u00e9couter :<\/p>\n\n\n\n<div data-widget=\"mcp-recently-played\" data-name=\"wlradio\" data-limit=\"5\" data-covers=\"true\"><\/div>\n\n<script type=\"text\/javascript\" language=\"javascript\" src=\"https:\/\/rcast.pro-fhi.net:2020\/dist\/widgets.js\" defer><\/script>\n","protected":false},"excerpt":{"rendered":"<p>D\u00e9sol\u00e9, on a pris du retard ! Votre radio de proximit\u00e9 est en cours de conception. Ouverture officielle en automne 2024 (on y travaille tout ce \u00e9t\u00e9&#8230;) Vous venez d&#8217;\u00e9couter :<\/p>\n","protected":false},"author":1,"featured_media":0,"parent":0,"menu_order":0,"comment_status":"closed","ping_status":"closed","template":"page-template\/home-template.php","meta":{"_regular_price":[],"currency_symbol":[],"footnotes":""},"class_list":["post-10","page","type-page","status-publish","hentry","entry"],"post_slider_layout_featured_media_urls":{"thumbnail":"","post_slider_layout_landscape_large":"","post_slider_layout_portrait_large":"","post_slider_layout_square_large":"","post_slider_layout_landscape":"","post_slider_layout_portrait":"","post_slider_layout_square":"","full":""},"_links":{"self":[{"href":"https:\/\/wlradio.fr\/index.php\/wp-json\/wp\/v2\/pages\/10","targetHints":{"allow":["GET"]}}],"collection":[{"href":"https:\/\/wlradio.fr\/index.php\/wp-json\/wp\/v2\/pages"}],"about":[{"href":"https:\/\/wlradio.fr\/index.php\/wp-json\/wp\/v2\/types\/page"}],"author":[{"embeddable":true,"href":"https:\/\/wlradio.fr\/index.php\/wp-json\/wp\/v2\/users\/1"}],"replies":[{"embeddable":true,"href":"https:\/\/wlradio.fr\/index.php\/wp-json\/wp\/v2\/comments?post=10"}],"version-history":[{"count":53,"href":"https:\/\/wlradio.fr\/index.php\/wp-json\/wp\/v2\/pages\/10\/revisions"}],"predecessor-version":[{"id":112,"href":"https:\/\/wlradio.fr\/index.php\/wp-json\/wp\/v2\/pages\/10\/revisions\/112"}],"wp:attachment":[{"href":"https:\/\/wlradio.fr\/index.php\/wp-json\/wp\/v2\/media?parent=10"}],"curies":[{"name":"wp","href":"https:\/\/api.w.org\/{rel}","templated":true}]}}